{"id":11,"date":"2025-12-12T13:51:18","date_gmt":"2025-12-12T12:51:18","guid":{"rendered":"https:\/\/hostalrestaurantelosarcos.com\/?page_id=11"},"modified":"2026-03-11T10:03:16","modified_gmt":"2026-03-11T09:03:16","slug":"inicio","status":"publish","type":"page","link":"https:\/\/hostalrestaurantelosarcos.com\/","title":{"rendered":"Inicio"},"content":{"rendered":"\t\t<div data-elementor-type=\"wp-page\" data-elementor-id=\"11\" class=\"elementor elementor-11\" data-elementor-settings=\"{&quot;ha_cmc_init_switcher&quot;:&quot;no&quot;}\" data-elementor-post-type=\"page\">\n\t\t\t\t<div class=\"elementor-element elementor-element-fc208dc e-flex e-con-boxed e-con e-parent\" data-id=\"fc208dc\" data-element_type=\"container\" data-e-type=\"container\" data-settings=\"{&quot;_ha_eqh_enable&quot;:false}\">\n\t\t\t\t\t<div class=\"e-con-inner\">\n\t\t\t\t<div class=\"elementor-element elementor-element-2f9b660 elementor-widget-divider--view-line elementor-widget elementor-widget-divider\" data-id=\"2f9b660\" data-element_type=\"widget\" data-e-type=\"widget\" data-widget_type=\"divider.default\">\n\t\t\t\t\t\t\t<div class=\"elementor-divider\">\n\t\t\t<span class=\"elementor-divider-separator\">\n\t\t\t\t\t\t<\/span>\n\t\t<\/div>\n\t\t\t\t\t\t<\/div>\n\t\t\t\t<div class=\"elementor-element elementor-element-d135836 elementor-widget elementor-widget-heading\" data-id=\"d135836\" data-element_type=\"widget\" data-e-type=\"widget\" data-widget_type=\"heading.default\">\n\t\t\t\t\t<h2 class=\"elementor-heading-title elementor-size-default\">Bienvenidos a<\/h2>\t\t\t\t<\/div>\n\t\t\t\t<div class=\"elementor-element elementor-element-82920fc elementor-widget elementor-widget-heading\" data-id=\"82920fc\" data-element_type=\"widget\" data-e-type=\"widget\" data-widget_type=\"heading.default\">\n\t\t\t\t\t<h2 class=\"elementor-heading-title elementor-size-default\">Restaurante Los Arcos<\/h2>\t\t\t\t<\/div>\n\t\t\t\t<div class=\"elementor-element elementor-element-69e4d66 elementor-widget elementor-widget-text-editor\" data-id=\"69e4d66\" data-element_type=\"widget\" data-e-type=\"widget\" data-widget_type=\"text-editor.default\">\n\t\t\t\t\t\t\t\t\t<p><strong>Tradici\u00f3n y sabor en Torredonjimeno (Ja\u00e9n).<\/strong><\/p><p>Desde 1979, en<strong> Restaurante Los Arcos<\/strong> cocinamos con el cari\u00f1o de siempre y el aut\u00e9ntico sabor de la <strong>cocina casera.<\/strong><br \/>Somos un <strong>negocio familiar<\/strong> que ha pasado de generaci\u00f3n en generaci\u00f3n, conservando las recetas tradicionales \u2014como nuestras queridas <em>croquetas de la abuela<\/em>\u2014 y combin\u00e1ndolas con un toque moderno e innovador.<\/p><p>Aqu\u00ed encontrar\u00e1s un lugar donde sentirse como en casa, con una atenci\u00f3n cercana y un ambiente acogedor que invita a disfrutar sin prisas.<\/p>\t\t\t\t\t\t\t\t<\/div>\n\t\t\t\t\t<\/div>\n\t\t\t\t<\/div>\n\t\t<div class=\"elementor-element elementor-element-796ad33 e-flex e-con-boxed e-con e-parent\" data-id=\"796ad33\" data-element_type=\"container\" data-e-type=\"container\" data-settings=\"{&quot;_ha_eqh_enable&quot;:false}\">\n\t\t\t\t\t<div class=\"e-con-inner\">\n\t\t\t\t<div class=\"elementor-element elementor-element-4e7f020 elementor-widget-divider--view-line elementor-widget elementor-widget-divider\" data-id=\"4e7f020\" data-element_type=\"widget\" data-e-type=\"widget\" data-widget_type=\"divider.default\">\n\t\t\t\t\t\t\t<div class=\"elementor-divider\">\n\t\t\t<span class=\"elementor-divider-separator\">\n\t\t\t\t\t\t<\/span>\n\t\t<\/div>\n\t\t\t\t\t\t<\/div>\n\t\t\t\t\t<\/div>\n\t\t\t\t<\/div>\n\t\t<div class=\"elementor-element elementor-element-1a4bbdb e-flex e-con-boxed e-con e-parent\" data-id=\"1a4bbdb\" data-element_type=\"container\" data-e-type=\"container\" data-settings=\"{&quot;_ha_eqh_enable&quot;:false}\">\n\t\t\t\t\t<div class=\"e-con-inner\">\n\t\t<div class=\"elementor-element elementor-element-da334b5 e-con-full e-flex e-con e-child\" data-id=\"da334b5\" data-element_type=\"container\" data-e-type=\"container\" data-settings=\"{&quot;background_background&quot;:&quot;classic&quot;,&quot;_ha_eqh_enable&quot;:false}\">\n\t\t\t\t<\/div>\n\t\t<div class=\"elementor-element elementor-element-3bb95ff e-con-full e-flex e-con e-child\" data-id=\"3bb95ff\" data-element_type=\"container\" data-e-type=\"container\" data-settings=\"{&quot;_ha_eqh_enable&quot;:false}\">\n\t\t\t\t<div class=\"elementor-element elementor-element-8238a31 elementor-widget elementor-widget-heading\" data-id=\"8238a31\" data-element_type=\"widget\" data-e-type=\"widget\" data-widget_type=\"heading.default\">\n\t\t\t\t\t<h2 class=\"elementor-heading-title elementor-size-default\">Nuestro Restaurante<\/h2>\t\t\t\t<\/div>\n\t\t\t\t<div class=\"elementor-element elementor-element-49562a7 elementor-widget elementor-widget-text-editor\" data-id=\"49562a7\" data-element_type=\"widget\" data-e-type=\"widget\" data-widget_type=\"text-editor.default\">\n\t\t\t\t\t\t\t\t\t<p>Si buscas un <strong>restaurante en Torredonjimeno (Ja\u00e9n)<\/strong> donde se coma bien, est\u00e1s en el lugar adecuado.<\/p><p>En Los Arcos ofrecemos <strong>desayunos, comidas y cenas,<\/strong> con un <strong>men\u00fa del d\u00eda variado<\/strong> disponible todos los d\u00edas.<\/p>\t\t\t\t\t\t\t\t<\/div>\n\t\t\t\t<div class=\"elementor-element elementor-element-d36bddd elementor-align-center elementor-widget elementor-widget-button\" data-id=\"d36bddd\" data-element_type=\"widget\" data-e-type=\"widget\" data-widget_type=\"button.default\">\n\t\t\t\t\t\t\t\t\t\t<a class=\"elementor-button elementor-button-link elementor-size-sm\" href=\"https:\/\/hostalrestaurantelosarcos.com\/index.php\/el-restaurante\/\">\n\t\t\t\t\t\t<span class=\"elementor-button-content-wrapper\">\n\t\t\t\t\t\t\t\t\t<span class=\"elementor-button-text\">Descubre m\u00e1s<\/span>\n\t\t\t\t\t<\/span>\n\t\t\t\t\t<\/a>\n\t\t\t\t\t\t\t\t<\/div>\n\t\t\t\t<\/div>\n\t\t\t\t\t<\/div>\n\t\t\t\t<\/div>\n\t\t<div class=\"elementor-element elementor-element-c50dd31 e-flex e-con-boxed e-con e-parent\" data-id=\"c50dd31\" data-element_type=\"container\" data-e-type=\"container\" data-settings=\"{&quot;_ha_eqh_enable&quot;:false}\">\n\t\t\t\t\t<div class=\"e-con-inner\">\n\t\t\t\t<div class=\"elementor-element elementor-element-0d3c1bc elementor-widget-divider--view-line elementor-widget elementor-widget-divider\" data-id=\"0d3c1bc\" data-element_type=\"widget\" data-e-type=\"widget\" data-widget_type=\"divider.default\">\n\t\t\t\t\t\t\t<div class=\"elementor-divider\">\n\t\t\t<span class=\"elementor-divider-separator\">\n\t\t\t\t\t\t<\/span>\n\t\t<\/div>\n\t\t\t\t\t\t<\/div>\n\t\t\t\t\t<\/div>\n\t\t\t\t<\/div>\n\t\t<div class=\"elementor-element elementor-element-38739c2 e-flex e-con-boxed e-con e-parent\" data-id=\"38739c2\" data-element_type=\"container\" data-e-type=\"container\" data-settings=\"{&quot;_ha_eqh_enable&quot;:false}\">\n\t\t\t\t\t<div class=\"e-con-inner\">\n\t\t<div class=\"elementor-element elementor-element-ad99597 e-con-full e-flex e-con e-child\" data-id=\"ad99597\" data-element_type=\"container\" data-e-type=\"container\" data-settings=\"{&quot;_ha_eqh_enable&quot;:false}\">\n\t\t\t\t<div class=\"elementor-element elementor-element-b144ac0 elementor-widget elementor-widget-heading\" data-id=\"b144ac0\" data-element_type=\"widget\" data-e-type=\"widget\" data-widget_type=\"heading.default\">\n\t\t\t\t\t<h2 class=\"elementor-heading-title elementor-size-default\">Nuestra Pensi\u00f3n<\/h2>\t\t\t\t<\/div>\n\t\t\t\t<div class=\"elementor-element elementor-element-47d0295 elementor-widget elementor-widget-text-editor\" data-id=\"47d0295\" data-element_type=\"widget\" data-e-type=\"widget\" data-widget_type=\"text-editor.default\">\n\t\t\t\t\t\t\t\t\t<p>Adem\u00e1s del restaurante, contamos con una <strong>pensi\u00f3n en Torredonjimeno,<\/strong> ideal para quienes buscan un lugar tranquilo y familiar donde alojarse.<\/p><p>Disponemos de <strong>habitaciones individuales, dobles y triples,<\/strong> algunas con ba\u00f1o privado y otras con ba\u00f1o compartido, todas c\u00f3modas y cuidadas al detalle para garantizar una estancia agradable.<\/p>\t\t\t\t\t\t\t\t<\/div>\n\t\t\t\t<div class=\"elementor-element elementor-element-8236706 elementor-align-center elementor-widget elementor-widget-button\" data-id=\"8236706\" data-element_type=\"widget\" data-e-type=\"widget\" data-widget_type=\"button.default\">\n\t\t\t\t\t\t\t\t\t\t<a class=\"elementor-button elementor-button-link elementor-size-sm\" href=\"https:\/\/hostalrestaurantelosarcos.com\/index.php\/el-hostal\/\">\n\t\t\t\t\t\t<span class=\"elementor-button-content-wrapper\">\n\t\t\t\t\t\t\t\t\t<span class=\"elementor-button-text\">Descubre m\u00e1s<\/span>\n\t\t\t\t\t<\/span>\n\t\t\t\t\t<\/a>\n\t\t\t\t\t\t\t\t<\/div>\n\t\t\t\t<\/div>\n\t\t<div class=\"elementor-element elementor-element-e7ad10e e-con-full e-flex e-con e-child\" data-id=\"e7ad10e\" data-element_type=\"container\" data-e-type=\"container\" data-settings=\"{&quot;background_background&quot;:&quot;classic&quot;,&quot;_ha_eqh_enable&quot;:false}\">\n\t\t\t\t<\/div>\n\t\t\t\t\t<\/div>\n\t\t\t\t<\/div>\n\t\t\t\t<\/div>\n\t\t","protected":false},"excerpt":{"rendered":"<p>Bienvenidos a Restaurante Los Arcos Tradici\u00f3n y sabor en Torredonjimeno (Ja\u00e9n). Desde 1979, en Restaurante Los Arcos cocinamos con el [&hellip;]<\/p>\n","protected":false},"author":1,"featured_media":0,"parent":0,"menu_order":0,"comment_status":"closed","ping_status":"closed","template":"","meta":{"site-sidebar-layout":"no-sidebar","site-content-layout":"","ast-site-content-layout":"full-width-container","site-content-style":"default","site-sidebar-style":"default","ast-global-header-display":"","ast-banner-title-visibility":"","ast-main-header-display":"","ast-hfb-above-header-display":"","ast-hfb-below-header-display":"","ast-hfb-mobile-header-display":"","site-post-title":"disabled","ast-breadcrumbs-content":"","ast-featured-img":"disabled","footer-sml-layout":"","ast-disable-related-posts":"","theme-transparent-header-meta":"","adv-header-id-meta":"","stick-header-meta":"","header-above-stick-meta":"","header-main-stick-meta":"","header-below-stick-meta":"","astra-migrate-meta-layouts":"default","ast-page-background-enabled":"default","ast-page-background-meta":{"desktop":{"background-color":"var(--ast-global-color-5)","background-image":"","background-repeat":"repeat","background-position":"center center","background-size":"auto","background-attachment":"scroll","background-type":"","background-media":"","overlay-type":"","overlay-color":"","overlay-opacity":"","overlay-gradient":""},"tablet":{"background-color":"","background-image":"","background-repeat":"repeat","background-position":"center center","background-size":"auto","background-attachment":"scroll","background-type":"","background-media":"","overlay-type":"","overlay-color":"","overlay-opacity":"","overlay-gradient":""},"mobile":{"background-color":"","background-image":"","background-repeat":"repeat","background-position":"center center","background-size":"auto","background-attachment":"scroll","background-type":"","background-media":"","overlay-type":"","overlay-color":"","overlay-opacity":"","overlay-gradient":""}},"ast-content-background-meta":{"desktop":{"background-color":"var(--ast-global-color-4)","background-image":"","background-repeat":"repeat","background-position":"center center","background-size":"auto","background-attachment":"scroll","background-type":"","background-media":"","overlay-type":"","overlay-color":"","overlay-opacity":"","overlay-gradient":""},"tablet":{"background-color":"var(--ast-global-color-4)","background-image":"","background-repeat":"repeat","background-position":"center center","background-size":"auto","background-attachment":"scroll","background-type":"","background-media":"","overlay-type":"","overlay-color":"","overlay-opacity":"","overlay-gradient":""},"mobile":{"background-color":"var(--ast-global-color-4)","background-image":"","background-repeat":"repeat","background-position":"center center","background-size":"auto","background-attachment":"scroll","background-type":"","background-media":"","overlay-type":"","overlay-color":"","overlay-opacity":"","overlay-gradient":""}},"footnotes":""},"class_list":["post-11","page","type-page","status-publish","hentry"],"yoast_head":"<!-- This site is optimized with the Yoast SEO plugin v27.3 - https:\/\/yoast.com\/product\/yoast-seo-wordpress\/ -->\n<title>Inicio - Pensi\u00f3n Restaurante Los Arcos<\/title>\n<meta name=\"robots\" content=\"index, follow, max-snippet:-1, max-image-preview:large, max-video-preview:-1\" \/>\n<link rel=\"canonical\" href=\"https:\/\/hostalrestaurantelosarcos.com\/\" \/>\n<meta property=\"og:locale\" content=\"es_ES\" \/>\n<meta property=\"og:type\" content=\"article\" \/>\n<meta property=\"og:title\" content=\"Inicio - Pensi\u00f3n Restaurante Los Arcos\" \/>\n<meta property=\"og:description\" content=\"Bienvenidos a Restaurante Los Arcos Tradici\u00f3n y sabor en Torredonjimeno (Ja\u00e9n). Desde 1979, en Restaurante Los Arcos cocinamos con el [&hellip;]\" \/>\n<meta property=\"og:url\" content=\"https:\/\/hostalrestaurantelosarcos.com\/\" \/>\n<meta property=\"og:site_name\" content=\"Pensi\u00f3n Restaurante Los Arcos\" \/>\n<meta property=\"article:modified_time\" content=\"2026-03-11T09:03:16+00:00\" \/>\n<meta name=\"twitter:card\" content=\"summary_large_image\" \/>\n<meta name=\"twitter:label1\" content=\"Tiempo de lectura\" \/>\n\t<meta name=\"twitter:data1\" content=\"1 minuto\" \/>\n<script type=\"application\/ld+json\" class=\"yoast-schema-graph\">{\"@context\":\"https:\\\/\\\/schema.org\",\"@graph\":[{\"@type\":\"WebPage\",\"@id\":\"https:\\\/\\\/hostalrestaurantelosarcos.com\\\/\",\"url\":\"https:\\\/\\\/hostalrestaurantelosarcos.com\\\/\",\"name\":\"Inicio - Pensi\u00f3n Restaurante Los Arcos\",\"isPartOf\":{\"@id\":\"https:\\\/\\\/hostalrestaurantelosarcos.com\\\/#website\"},\"datePublished\":\"2025-12-12T12:51:18+00:00\",\"dateModified\":\"2026-03-11T09:03:16+00:00\",\"breadcrumb\":{\"@id\":\"https:\\\/\\\/hostalrestaurantelosarcos.com\\\/#breadcrumb\"},\"inLanguage\":\"es\",\"potentialAction\":[{\"@type\":\"ReadAction\",\"target\":[\"https:\\\/\\\/hostalrestaurantelosarcos.com\\\/\"]}]},{\"@type\":\"BreadcrumbList\",\"@id\":\"https:\\\/\\\/hostalrestaurantelosarcos.com\\\/#breadcrumb\",\"itemListElement\":[{\"@type\":\"ListItem\",\"position\":1,\"name\":\"Portada\",\"item\":\"https:\\\/\\\/hostalrestaurantelosarcos.com\\\/\"},{\"@type\":\"ListItem\",\"position\":2,\"name\":\"Inicio\"}]},{\"@type\":\"WebSite\",\"@id\":\"https:\\\/\\\/hostalrestaurantelosarcos.com\\\/#website\",\"url\":\"https:\\\/\\\/hostalrestaurantelosarcos.com\\\/\",\"name\":\"Pensi\u00f3n Restaurante Los Arcos\",\"description\":\"\",\"publisher\":{\"@id\":\"https:\\\/\\\/hostalrestaurantelosarcos.com\\\/#organization\"},\"potentialAction\":[{\"@type\":\"SearchAction\",\"target\":{\"@type\":\"EntryPoint\",\"urlTemplate\":\"https:\\\/\\\/hostalrestaurantelosarcos.com\\\/?s={search_term_string}\"},\"query-input\":{\"@type\":\"PropertyValueSpecification\",\"valueRequired\":true,\"valueName\":\"search_term_string\"}}],\"inLanguage\":\"es\"},{\"@type\":\"Organization\",\"@id\":\"https:\\\/\\\/hostalrestaurantelosarcos.com\\\/#organization\",\"name\":\"Pensi\u00f3n Restaurante Los Arcos\",\"url\":\"https:\\\/\\\/hostalrestaurantelosarcos.com\\\/\",\"logo\":{\"@type\":\"ImageObject\",\"inLanguage\":\"es\",\"@id\":\"https:\\\/\\\/hostalrestaurantelosarcos.com\\\/#\\\/schema\\\/logo\\\/image\\\/\",\"url\":\"https:\\\/\\\/hostalrestaurantelosarcos.com\\\/wp-content\\\/uploads\\\/2025\\\/12\\\/Restaurante-Los-Arcos.pdf-1.png\",\"contentUrl\":\"https:\\\/\\\/hostalrestaurantelosarcos.com\\\/wp-content\\\/uploads\\\/2025\\\/12\\\/Restaurante-Los-Arcos.pdf-1.png\",\"width\":2000,\"height\":1428,\"caption\":\"Pensi\u00f3n Restaurante Los Arcos\"},\"image\":{\"@id\":\"https:\\\/\\\/hostalrestaurantelosarcos.com\\\/#\\\/schema\\\/logo\\\/image\\\/\"}}]}<\/script>\n<!-- \/ Yoast SEO plugin. -->","yoast_head_json":{"title":"Inicio - Pensi\u00f3n Restaurante Los Arcos","robots":{"index":"index","follow":"follow","max-snippet":"max-snippet:-1","max-image-preview":"max-image-preview:large","max-video-preview":"max-video-preview:-1"},"canonical":"https:\/\/hostalrestaurantelosarcos.com\/","og_locale":"es_ES","og_type":"article","og_title":"Inicio - Pensi\u00f3n Restaurante Los Arcos","og_description":"Bienvenidos a Restaurante Los Arcos Tradici\u00f3n y sabor en Torredonjimeno (Ja\u00e9n). Desde 1979, en Restaurante Los Arcos cocinamos con el [&hellip;]","og_url":"https:\/\/hostalrestaurantelosarcos.com\/","og_site_name":"Pensi\u00f3n Restaurante Los Arcos","article_modified_time":"2026-03-11T09:03:16+00:00","twitter_card":"summary_large_image","twitter_misc":{"Tiempo de lectura":"1 minuto"},"schema":{"@context":"https:\/\/schema.org","@graph":[{"@type":"WebPage","@id":"https:\/\/hostalrestaurantelosarcos.com\/","url":"https:\/\/hostalrestaurantelosarcos.com\/","name":"Inicio - Pensi\u00f3n Restaurante Los Arcos","isPartOf":{"@id":"https:\/\/hostalrestaurantelosarcos.com\/#website"},"datePublished":"2025-12-12T12:51:18+00:00","dateModified":"2026-03-11T09:03:16+00:00","breadcrumb":{"@id":"https:\/\/hostalrestaurantelosarcos.com\/#breadcrumb"},"inLanguage":"es","potentialAction":[{"@type":"ReadAction","target":["https:\/\/hostalrestaurantelosarcos.com\/"]}]},{"@type":"BreadcrumbList","@id":"https:\/\/hostalrestaurantelosarcos.com\/#breadcrumb","itemListElement":[{"@type":"ListItem","position":1,"name":"Portada","item":"https:\/\/hostalrestaurantelosarcos.com\/"},{"@type":"ListItem","position":2,"name":"Inicio"}]},{"@type":"WebSite","@id":"https:\/\/hostalrestaurantelosarcos.com\/#website","url":"https:\/\/hostalrestaurantelosarcos.com\/","name":"Pensi\u00f3n Restaurante Los Arcos","description":"","publisher":{"@id":"https:\/\/hostalrestaurantelosarcos.com\/#organization"},"potentialAction":[{"@type":"SearchAction","target":{"@type":"EntryPoint","urlTemplate":"https:\/\/hostalrestaurantelosarcos.com\/?s={search_term_string}"},"query-input":{"@type":"PropertyValueSpecification","valueRequired":true,"valueName":"search_term_string"}}],"inLanguage":"es"},{"@type":"Organization","@id":"https:\/\/hostalrestaurantelosarcos.com\/#organization","name":"Pensi\u00f3n Restaurante Los Arcos","url":"https:\/\/hostalrestaurantelosarcos.com\/","logo":{"@type":"ImageObject","inLanguage":"es","@id":"https:\/\/hostalrestaurantelosarcos.com\/#\/schema\/logo\/image\/","url":"https:\/\/hostalrestaurantelosarcos.com\/wp-content\/uploads\/2025\/12\/Restaurante-Los-Arcos.pdf-1.png","contentUrl":"https:\/\/hostalrestaurantelosarcos.com\/wp-content\/uploads\/2025\/12\/Restaurante-Los-Arcos.pdf-1.png","width":2000,"height":1428,"caption":"Pensi\u00f3n Restaurante Los Arcos"},"image":{"@id":"https:\/\/hostalrestaurantelosarcos.com\/#\/schema\/logo\/image\/"}}]}},"_links":{"self":[{"href":"https:\/\/hostalrestaurantelosarcos.com\/index.php\/wp-json\/wp\/v2\/pages\/11","targetHints":{"allow":["GET"]}}],"collection":[{"href":"https:\/\/hostalrestaurantelosarcos.com\/index.php\/wp-json\/wp\/v2\/pages"}],"about":[{"href":"https:\/\/hostalrestaurantelosarcos.com\/index.php\/wp-json\/wp\/v2\/types\/page"}],"author":[{"embeddable":true,"href":"https:\/\/hostalrestaurantelosarcos.com\/index.php\/wp-json\/wp\/v2\/users\/1"}],"replies":[{"embeddable":true,"href":"https:\/\/hostalrestaurantelosarcos.com\/index.php\/wp-json\/wp\/v2\/comments?post=11"}],"version-history":[{"count":37,"href":"https:\/\/hostalrestaurantelosarcos.com\/index.php\/wp-json\/wp\/v2\/pages\/11\/revisions"}],"predecessor-version":[{"id":363,"href":"https:\/\/hostalrestaurantelosarcos.com\/index.php\/wp-json\/wp\/v2\/pages\/11\/revisions\/363"}],"wp:attachment":[{"href":"https:\/\/hostalrestaurantelosarcos.com\/index.php\/wp-json\/wp\/v2\/media?parent=11"}],"curies":[{"name":"wp","href":"https:\/\/api.w.org\/{rel}","templated":true}]}}