{"id":20,"date":"2025-12-12T13:52:30","date_gmt":"2025-12-12T12:52:30","guid":{"rendered":"https:\/\/hostalrestaurantelosarcos.com\/?page_id=20"},"modified":"2025-12-16T13:01:58","modified_gmt":"2025-12-16T12:01:58","slug":"contacto","status":"publish","type":"page","link":"https:\/\/hostalrestaurantelosarcos.com\/index.php\/contacto\/","title":{"rendered":"Contacto"},"content":{"rendered":"\t\t<div data-elementor-type=\"wp-page\" data-elementor-id=\"20\" class=\"elementor elementor-20\" data-elementor-settings=\"{&quot;ha_cmc_init_switcher&quot;:&quot;no&quot;}\" data-elementor-post-type=\"page\">\n\t\t\t\t<div class=\"elementor-element elementor-element-26bc0c6 e-flex e-con-boxed e-con e-parent\" data-id=\"26bc0c6\" data-element_type=\"container\" data-e-type=\"container\" data-settings=\"{&quot;_ha_eqh_enable&quot;:false}\">\n\t\t\t\t\t<div class=\"e-con-inner\">\n\t\t\t\t<div class=\"elementor-element elementor-element-22aaed1 elementor-widget-divider--view-line elementor-widget elementor-widget-divider\" data-id=\"22aaed1\" data-element_type=\"widget\" data-e-type=\"widget\" data-widget_type=\"divider.default\">\n\t\t\t\t\t\t\t<div class=\"elementor-divider\">\n\t\t\t<span class=\"elementor-divider-separator\">\n\t\t\t\t\t\t<\/span>\n\t\t<\/div>\n\t\t\t\t\t\t<\/div>\n\t\t\t\t<div class=\"elementor-element elementor-element-060ce05 elementor-widget elementor-widget-heading\" data-id=\"060ce05\" data-element_type=\"widget\" data-e-type=\"widget\" data-widget_type=\"heading.default\">\n\t\t\t\t\t<h2 class=\"elementor-heading-title elementor-size-default\">\u00bfD\u00f3nde estamos?<\/h2>\t\t\t\t<\/div>\n\t\t\t\t<div class=\"elementor-element elementor-element-73e82a8 elementor-widget elementor-widget-text-editor\" data-id=\"73e82a8\" data-element_type=\"widget\" data-e-type=\"widget\" data-widget_type=\"text-editor.default\">\n\t\t\t\t\t\t\t\t\t<p>Nos encontramos en <strong>Torredonjimeno (Ja\u00e9n),<\/strong> en una ubicaci\u00f3n c\u00f3moda y accesible, perfecta tanto para vecinos como para quienes visitan la zona.<\/p>\t\t\t\t\t\t\t\t<\/div>\n\t\t\t\t\t<\/div>\n\t\t\t\t<\/div>\n\t\t<div class=\"elementor-element elementor-element-3a53b45 e-flex e-con-boxed e-con e-parent\" data-id=\"3a53b45\" data-element_type=\"container\" data-e-type=\"container\" data-settings=\"{&quot;_ha_eqh_enable&quot;:false}\">\n\t\t\t\t\t<div class=\"e-con-inner\">\n\t\t<div class=\"elementor-element elementor-element-e2792df e-con-full e-flex e-con e-child\" data-id=\"e2792df\" data-element_type=\"container\" data-e-type=\"container\" data-settings=\"{&quot;_ha_eqh_enable&quot;:false}\">\n\t\t\t\t<div class=\"elementor-element elementor-element-7b8e85e elementor-position-inline-start elementor-view-default elementor-mobile-position-block-start elementor-widget elementor-widget-icon-box\" data-id=\"7b8e85e\" data-element_type=\"widget\" data-e-type=\"widget\" data-widget_type=\"icon-box.default\">\n\t\t\t\t\t\t\t<div class=\"elementor-icon-box-wrapper\">\n\n\t\t\t\t\t\t<div class=\"elementor-icon-box-icon\">\n\t\t\t\t<span  class=\"elementor-icon\">\n\t\t\t\t<i aria-hidden=\"true\" class=\"hm hm-phone\"><\/i>\t\t\t\t<\/span>\n\t\t\t<\/div>\n\t\t\t\n\t\t\t\t\t\t<div class=\"elementor-icon-box-content\">\n\n\t\t\t\t\t\t\t\t\t<h3 class=\"elementor-icon-box-title\">\n\t\t\t\t\t\t<span  >\n\t\t\t\t\t\t\tTel\u00e9fonos\t\t\t\t\t\t<\/span>\n\t\t\t\t\t<\/h3>\n\t\t\t\t\n\t\t\t\t\t\t\t\t\t<p class=\"elementor-icon-box-description\">\n\t\t\t\t\t\t953 57 22 50 | 655 57 42 19\t\t\t\t\t<\/p>\n\t\t\t\t\n\t\t\t<\/div>\n\t\t\t\n\t\t<\/div>\n\t\t\t\t\t\t<\/div>\n\t\t\t\t<div class=\"elementor-element elementor-element-48c47f5 elementor-position-inline-start elementor-view-default elementor-mobile-position-block-start elementor-widget elementor-widget-icon-box\" data-id=\"48c47f5\" data-element_type=\"widget\" data-e-type=\"widget\" data-widget_type=\"icon-box.default\">\n\t\t\t\t\t\t\t<div class=\"elementor-icon-box-wrapper\">\n\n\t\t\t\t\t\t<div class=\"elementor-icon-box-icon\">\n\t\t\t\t<span  class=\"elementor-icon\">\n\t\t\t\t<i aria-hidden=\"true\" class=\"huge huge-location-04\"><\/i>\t\t\t\t<\/span>\n\t\t\t<\/div>\n\t\t\t\n\t\t\t\t\t\t<div class=\"elementor-icon-box-content\">\n\n\t\t\t\t\t\t\t\t\t<h3 class=\"elementor-icon-box-title\">\n\t\t\t\t\t\t<span  >\n\t\t\t\t\t\t\tDirecci\u00f3n\t\t\t\t\t\t<\/span>\n\t\t\t\t\t<\/h3>\n\t\t\t\t\n\t\t\t\t\t\t\t\t\t<p class=\"elementor-icon-box-description\">\n\t\t\t\t\t\tAv. de Ja\u00e9n, 51, 23650 Torredonjimeno, Ja\u00e9n\t\t\t\t\t<\/p>\n\t\t\t\t\n\t\t\t<\/div>\n\t\t\t\n\t\t<\/div>\n\t\t\t\t\t\t<\/div>\n\t\t\t\t<div class=\"elementor-element elementor-element-e79a064 elementor-position-inline-start elementor-view-default elementor-mobile-position-block-start elementor-widget elementor-widget-icon-box\" data-id=\"e79a064\" data-element_type=\"widget\" data-e-type=\"widget\" data-widget_type=\"icon-box.default\">\n\t\t\t\t\t\t\t<div class=\"elementor-icon-box-wrapper\">\n\n\t\t\t\t\t\t<div class=\"elementor-icon-box-icon\">\n\t\t\t\t<span  class=\"elementor-icon\">\n\t\t\t\t<i aria-hidden=\"true\" class=\"huge huge-clock-01\"><\/i>\t\t\t\t<\/span>\n\t\t\t<\/div>\n\t\t\t\n\t\t\t\t\t\t<div class=\"elementor-icon-box-content\">\n\n\t\t\t\t\t\t\t\t\t<h3 class=\"elementor-icon-box-title\">\n\t\t\t\t\t\t<span  >\n\t\t\t\t\t\t\tHorario\t\t\t\t\t\t<\/span>\n\t\t\t\t\t<\/h3>\n\t\t\t\t\n\t\t\t\t\t\t\t\t\t<p class=\"elementor-icon-box-description\">\n\t\t\t\t\t\tDesayunos, comidas y cenas. Abiertos todos los d\u00edas con men\u00fa del d\u00eda y carta.\t\t\t\t\t<\/p>\n\t\t\t\t\n\t\t\t<\/div>\n\t\t\t\n\t\t<\/div>\n\t\t\t\t\t\t<\/div>\n\t\t\t\t<\/div>\n\t\t<div class=\"elementor-element elementor-element-742c895 e-con-full e-flex e-con e-child\" data-id=\"742c895\" data-element_type=\"container\" data-e-type=\"container\" data-settings=\"{&quot;_ha_eqh_enable&quot;:false}\">\n\t\t\t\t<div class=\"elementor-element elementor-element-8d3879b elementor-widget elementor-widget-google_maps\" data-id=\"8d3879b\" data-element_type=\"widget\" data-e-type=\"widget\" data-widget_type=\"google_maps.default\">\n\t\t\t\t\t\t\t<div class=\"elementor-custom-embed\">\n\t\t\t<iframe loading=\"lazy\"\n\t\t\t\t\tsrc=\"https:\/\/maps.google.com\/maps?q=Av.%20de%20Ja%C3%A9n%2C%2051%2C%2023650%20Torredonjimeno%2C%20Ja%C3%A9n&#038;t=m&#038;z=14&#038;output=embed&#038;iwloc=near\"\n\t\t\t\t\ttitle=\"Av. de Ja\u00e9n, 51, 23650 Torredonjimeno, Ja\u00e9n\"\n\t\t\t\t\taria-label=\"Av. de Ja\u00e9n, 51, 23650 Torredonjimeno, Ja\u00e9n\"\n\t\t\t><\/iframe>\n\t\t<\/div>\n\t\t\t\t\t\t<\/div>\n\t\t\t\t<\/div>\n\t\t\t\t\t<\/div>\n\t\t\t\t<\/div>\n\t\t\t\t<\/div>\n\t\t","protected":false},"excerpt":{"rendered":"<p>\u00bfD\u00f3nde estamos? Nos encontramos en Torredonjimeno (Ja\u00e9n), en una ubicaci\u00f3n c\u00f3moda y accesible, perfecta tanto para vecinos como para quienes [&hellip;]<\/p>\n","protected":false},"author":1,"featured_media":0,"parent":0,"menu_order":0,"comment_status":"closed","ping_status":"closed","template":"","meta":{"site-sidebar-layout":"no-sidebar","site-content-layout":"","ast-site-content-layout":"full-width-container","site-content-style":"default","site-sidebar-style":"default","ast-global-header-display":"","ast-banner-title-visibility":"","ast-main-header-display":"","ast-hfb-above-header-display":"","ast-hfb-below-header-display":"","ast-hfb-mobile-header-display":"","site-post-title":"disabled","ast-breadcrumbs-content":"","ast-featured-img":"disabled","footer-sml-layout":"","ast-disable-related-posts":"","theme-transparent-header-meta":"","adv-header-id-meta":"","stick-header-meta":"","header-above-stick-meta":"","header-main-stick-meta":"","header-below-stick-meta":"","astra-migrate-meta-layouts":"default","ast-page-background-enabled":"default","ast-page-background-meta":{"desktop":{"background-color":"var(--ast-global-color-5)","background-image":"","background-repeat":"repeat","background-position":"center center","background-size":"auto","background-attachment":"scroll","background-type":"","background-media":"","overlay-type":"","overlay-color":"","overlay-opacity":"","overlay-gradient":""},"tablet":{"background-color":"","background-image":"","background-repeat":"repeat","background-position":"center center","background-size":"auto","background-attachment":"scroll","background-type":"","background-media":"","overlay-type":"","overlay-color":"","overlay-opacity":"","overlay-gradient":""},"mobile":{"background-color":"","background-image":"","background-repeat":"repeat","background-position":"center center","background-size":"auto","background-attachment":"scroll","background-type":"","background-media":"","overlay-type":"","overlay-color":"","overlay-opacity":"","overlay-gradient":""}},"ast-content-background-meta":{"desktop":{"background-color":"var(--ast-global-color-4)","background-image":"","background-repeat":"repeat","background-position":"center center","background-size":"auto","background-attachment":"scroll","background-type":"","background-media":"","overlay-type":"","overlay-color":"","overlay-opacity":"","overlay-gradient":""},"tablet":{"background-color":"var(--ast-global-color-4)","background-image":"","background-repeat":"repeat","background-position":"center center","background-size":"auto","background-attachment":"scroll","background-type":"","background-media":"","overlay-type":"","overlay-color":"","overlay-opacity":"","overlay-gradient":""},"mobile":{"background-color":"var(--ast-global-color-4)","background-image":"","background-repeat":"repeat","background-position":"center center","background-size":"auto","background-attachment":"scroll","background-type":"","background-media":"","overlay-type":"","overlay-color":"","overlay-opacity":"","overlay-gradient":""}},"footnotes":""},"class_list":["post-20","page","type-page","status-publish","hentry"],"yoast_head":"<!-- This site is optimized with the Yoast SEO plugin v27.3 - https:\/\/yoast.com\/product\/yoast-seo-wordpress\/ -->\n<title>Contacto - Pensi\u00f3n Restaurante Los Arcos<\/title>\n<meta name=\"robots\" content=\"index, follow, max-snippet:-1, max-image-preview:large, max-video-preview:-1\" \/>\n<link rel=\"canonical\" href=\"https:\/\/hostalrestaurantelosarcos.com\/index.php\/contacto\/\" \/>\n<meta property=\"og:locale\" content=\"es_ES\" \/>\n<meta property=\"og:type\" content=\"article\" \/>\n<meta property=\"og:title\" content=\"Contacto - Pensi\u00f3n Restaurante Los Arcos\" \/>\n<meta property=\"og:description\" content=\"\u00bfD\u00f3nde estamos? Nos encontramos en Torredonjimeno (Ja\u00e9n), en una ubicaci\u00f3n c\u00f3moda y accesible, perfecta tanto para vecinos como para quienes [&hellip;]\" \/>\n<meta property=\"og:url\" content=\"https:\/\/hostalrestaurantelosarcos.com\/index.php\/contacto\/\" \/>\n<meta property=\"og:site_name\" content=\"Pensi\u00f3n Restaurante Los Arcos\" \/>\n<meta property=\"article:modified_time\" content=\"2025-12-16T12:01:58+00:00\" \/>\n<meta name=\"twitter:card\" content=\"summary_large_image\" \/>\n<script type=\"application\/ld+json\" class=\"yoast-schema-graph\">{\"@context\":\"https:\\\/\\\/schema.org\",\"@graph\":[{\"@type\":\"WebPage\",\"@id\":\"https:\\\/\\\/hostalrestaurantelosarcos.com\\\/index.php\\\/contacto\\\/\",\"url\":\"https:\\\/\\\/hostalrestaurantelosarcos.com\\\/index.php\\\/contacto\\\/\",\"name\":\"Contacto - Pensi\u00f3n Restaurante Los Arcos\",\"isPartOf\":{\"@id\":\"https:\\\/\\\/hostalrestaurantelosarcos.com\\\/#website\"},\"datePublished\":\"2025-12-12T12:52:30+00:00\",\"dateModified\":\"2025-12-16T12:01:58+00:00\",\"breadcrumb\":{\"@id\":\"https:\\\/\\\/hostalrestaurantelosarcos.com\\\/index.php\\\/contacto\\\/#breadcrumb\"},\"inLanguage\":\"es\",\"potentialAction\":[{\"@type\":\"ReadAction\",\"target\":[\"https:\\\/\\\/hostalrestaurantelosarcos.com\\\/index.php\\\/contacto\\\/\"]}]},{\"@type\":\"BreadcrumbList\",\"@id\":\"https:\\\/\\\/hostalrestaurantelosarcos.com\\\/index.php\\\/contacto\\\/#breadcrumb\",\"itemListElement\":[{\"@type\":\"ListItem\",\"position\":1,\"name\":\"Portada\",\"item\":\"https:\\\/\\\/hostalrestaurantelosarcos.com\\\/\"},{\"@type\":\"ListItem\",\"position\":2,\"name\":\"Contacto\"}]},{\"@type\":\"WebSite\",\"@id\":\"https:\\\/\\\/hostalrestaurantelosarcos.com\\\/#website\",\"url\":\"https:\\\/\\\/hostalrestaurantelosarcos.com\\\/\",\"name\":\"Pensi\u00f3n Restaurante Los Arcos\",\"description\":\"\",\"publisher\":{\"@id\":\"https:\\\/\\\/hostalrestaurantelosarcos.com\\\/#organization\"},\"potentialAction\":[{\"@type\":\"SearchAction\",\"target\":{\"@type\":\"EntryPoint\",\"urlTemplate\":\"https:\\\/\\\/hostalrestaurantelosarcos.com\\\/?s={search_term_string}\"},\"query-input\":{\"@type\":\"PropertyValueSpecification\",\"valueRequired\":true,\"valueName\":\"search_term_string\"}}],\"inLanguage\":\"es\"},{\"@type\":\"Organization\",\"@id\":\"https:\\\/\\\/hostalrestaurantelosarcos.com\\\/#organization\",\"name\":\"Pensi\u00f3n Restaurante Los Arcos\",\"url\":\"https:\\\/\\\/hostalrestaurantelosarcos.com\\\/\",\"logo\":{\"@type\":\"ImageObject\",\"inLanguage\":\"es\",\"@id\":\"https:\\\/\\\/hostalrestaurantelosarcos.com\\\/#\\\/schema\\\/logo\\\/image\\\/\",\"url\":\"https:\\\/\\\/hostalrestaurantelosarcos.com\\\/wp-content\\\/uploads\\\/2025\\\/12\\\/Restaurante-Los-Arcos.pdf-1.png\",\"contentUrl\":\"https:\\\/\\\/hostalrestaurantelosarcos.com\\\/wp-content\\\/uploads\\\/2025\\\/12\\\/Restaurante-Los-Arcos.pdf-1.png\",\"width\":2000,\"height\":1428,\"caption\":\"Pensi\u00f3n Restaurante Los Arcos\"},\"image\":{\"@id\":\"https:\\\/\\\/hostalrestaurantelosarcos.com\\\/#\\\/schema\\\/logo\\\/image\\\/\"}}]}<\/script>\n<!-- \/ Yoast SEO plugin. -->","yoast_head_json":{"title":"Contacto - Pensi\u00f3n Restaurante Los Arcos","robots":{"index":"index","follow":"follow","max-snippet":"max-snippet:-1","max-image-preview":"max-image-preview:large","max-video-preview":"max-video-preview:-1"},"canonical":"https:\/\/hostalrestaurantelosarcos.com\/index.php\/contacto\/","og_locale":"es_ES","og_type":"article","og_title":"Contacto - Pensi\u00f3n Restaurante Los Arcos","og_description":"\u00bfD\u00f3nde estamos? Nos encontramos en Torredonjimeno (Ja\u00e9n), en una ubicaci\u00f3n c\u00f3moda y accesible, perfecta tanto para vecinos como para quienes [&hellip;]","og_url":"https:\/\/hostalrestaurantelosarcos.com\/index.php\/contacto\/","og_site_name":"Pensi\u00f3n Restaurante Los Arcos","article_modified_time":"2025-12-16T12:01:58+00:00","twitter_card":"summary_large_image","schema":{"@context":"https:\/\/schema.org","@graph":[{"@type":"WebPage","@id":"https:\/\/hostalrestaurantelosarcos.com\/index.php\/contacto\/","url":"https:\/\/hostalrestaurantelosarcos.com\/index.php\/contacto\/","name":"Contacto - Pensi\u00f3n Restaurante Los Arcos","isPartOf":{"@id":"https:\/\/hostalrestaurantelosarcos.com\/#website"},"datePublished":"2025-12-12T12:52:30+00:00","dateModified":"2025-12-16T12:01:58+00:00","breadcrumb":{"@id":"https:\/\/hostalrestaurantelosarcos.com\/index.php\/contacto\/#breadcrumb"},"inLanguage":"es","potentialAction":[{"@type":"ReadAction","target":["https:\/\/hostalrestaurantelosarcos.com\/index.php\/contacto\/"]}]},{"@type":"BreadcrumbList","@id":"https:\/\/hostalrestaurantelosarcos.com\/index.php\/contacto\/#breadcrumb","itemListElement":[{"@type":"ListItem","position":1,"name":"Portada","item":"https:\/\/hostalrestaurantelosarcos.com\/"},{"@type":"ListItem","position":2,"name":"Contacto"}]},{"@type":"WebSite","@id":"https:\/\/hostalrestaurantelosarcos.com\/#website","url":"https:\/\/hostalrestaurantelosarcos.com\/","name":"Pensi\u00f3n Restaurante Los Arcos","description":"","publisher":{"@id":"https:\/\/hostalrestaurantelosarcos.com\/#organization"},"potentialAction":[{"@type":"SearchAction","target":{"@type":"EntryPoint","urlTemplate":"https:\/\/hostalrestaurantelosarcos.com\/?s={search_term_string}"},"query-input":{"@type":"PropertyValueSpecification","valueRequired":true,"valueName":"search_term_string"}}],"inLanguage":"es"},{"@type":"Organization","@id":"https:\/\/hostalrestaurantelosarcos.com\/#organization","name":"Pensi\u00f3n Restaurante Los Arcos","url":"https:\/\/hostalrestaurantelosarcos.com\/","logo":{"@type":"ImageObject","inLanguage":"es","@id":"https:\/\/hostalrestaurantelosarcos.com\/#\/schema\/logo\/image\/","url":"https:\/\/hostalrestaurantelosarcos.com\/wp-content\/uploads\/2025\/12\/Restaurante-Los-Arcos.pdf-1.png","contentUrl":"https:\/\/hostalrestaurantelosarcos.com\/wp-content\/uploads\/2025\/12\/Restaurante-Los-Arcos.pdf-1.png","width":2000,"height":1428,"caption":"Pensi\u00f3n Restaurante Los Arcos"},"image":{"@id":"https:\/\/hostalrestaurantelosarcos.com\/#\/schema\/logo\/image\/"}}]}},"_links":{"self":[{"href":"https:\/\/hostalrestaurantelosarcos.com\/index.php\/wp-json\/wp\/v2\/pages\/20","targetHints":{"allow":["GET"]}}],"collection":[{"href":"https:\/\/hostalrestaurantelosarcos.com\/index.php\/wp-json\/wp\/v2\/pages"}],"about":[{"href":"https:\/\/hostalrestaurantelosarcos.com\/index.php\/wp-json\/wp\/v2\/types\/page"}],"author":[{"embeddable":true,"href":"https:\/\/hostalrestaurantelosarcos.com\/index.php\/wp-json\/wp\/v2\/users\/1"}],"replies":[{"embeddable":true,"href":"https:\/\/hostalrestaurantelosarcos.com\/index.php\/wp-json\/wp\/v2\/comments?post=20"}],"version-history":[{"count":10,"href":"https:\/\/hostalrestaurantelosarcos.com\/index.php\/wp-json\/wp\/v2\/pages\/20\/revisions"}],"predecessor-version":[{"id":285,"href":"https:\/\/hostalrestaurantelosarcos.com\/index.php\/wp-json\/wp\/v2\/pages\/20\/revisions\/285"}],"wp:attachment":[{"href":"https:\/\/hostalrestaurantelosarcos.com\/index.php\/wp-json\/wp\/v2\/media?parent=20"}],"curies":[{"name":"wp","href":"https:\/\/api.w.org\/{rel}","templated":true}]}}